{"id":438,"date":"2025-06-26T08:48:03","date_gmt":"2025-06-26T08:48:03","guid":{"rendered":"https:\/\/www.zmbcostruzionigenerali.it\/?page_id=438"},"modified":"2025-06-26T09:17:10","modified_gmt":"2025-06-26T09:17:10","slug":"telecomunicazioni","status":"publish","type":"page","link":"https:\/\/www.zmbcostruzionigenerali.it\/index.php\/telecomunicazioni\/","title":{"rendered":"Telecomunicazioni"},"content":{"rendered":"\t\t<div data-elementor-type=\"wp-page\" data-elementor-id=\"438\" class=\"elementor elementor-438\">\n\t\t\t\t\t\t<section class=\"elementor-section elementor-top-section elementor-element elementor-element-58d6978f elementor-section-boxed elementor-section-height-default elementor-section-height-default\" data-id=\"58d6978f\" data-element_type=\"section\">\n\t\t\t\t\t\t<div class=\"elementor-container elementor-column-gap-default\">\n\t\t\t\t\t<div class=\"elementor-column elementor-col-100 elementor-top-column elementor-element elementor-element-4ea55af\" data-id=\"4ea55af\" data-element_type=\"column\">\n\t\t\t<div class=\"elementor-widget-wrap elementor-element-populated\">\n\t\t\t\t\t\t<div class=\"elementor-element elementor-element-7bab8427 elementor-widget elementor-widget-text-editor\" data-id=\"7bab8427\" data-element_type=\"widget\" data-widget_type=\"text-editor.default\">\n\t\t\t\t<div class=\"elementor-widget-container\">\n\t\t\t\t\t\t\t\t\t<p>\u00a0<\/p>\n<p>In un mondo sempre pi\u00f9 connesso, la ZMB \u00e8 lieta di offrire soluzioni di telecomunicazione innovative e convenienti. <br \/>Siamo impegnati a garantire ai nostri clienti i migliori servizi a prezzi competitivi.<\/p>\n<h3>Trasporto del numero fisso sul tuo cellulare<\/h3>\n<p>Con noi hai la possibilit\u00e0 di trasportare il tuo numero fisso direttamente sul tuo cellulare. <br \/>Questo significa che potrai ricevere chiamate sul tuo numero fisso ovunque ti trovi; la soluzione ideale per chi desidera maggiore flessibilit\u00e0 e comodit\u00e0.<\/p>\n<h3>Prezzi competitivi<\/h3>\n<p>Offriamo tariffe altamente competitive, con sconti rispetto al tuo attuale canone. La nostra missione \u00e8 fornire servizi telecomunicativi di alta qualit\u00e0 a prezzi accessibili, per garantire la massima soddisfazione dei nostri clienti.<\/p>\n<h3>Linea dati inclusa<\/h3>\n<p>In aggiunta al trasporto del numero fisso, abbiamo la possibilit\u00e0 di offrire una linea dati inclusa nel pacchetto. Questo ti consentir\u00e0 di rimanere connesso anche in mobilit\u00e0, garantendo una connessione internet affidabile e veloce.<\/p>\n<h3>Contattaci per maggiori informazioni!<\/h3>\n<p>Se desideri ulteriori informazioni sui nostri servizi di telecomunicazione, non esitare a contattarci. <br \/>Siamo qui per aiutarti a trovare la soluzione pi\u00f9 adatta alle tue esigenze.<\/p>\n<div class=\"footer\">\n<p><a href=\"https:\/\/www.zmbcostruzionigenerali.it\/index.php\/contatti\/\">Contattaci<\/a> oggi stesso per scoprire come possiamo migliorare la tua esperienza di telecomunicazione.<\/p>\n<\/div>\n<p><!-- \/wp:heading --><\/p>\t\t\t\t\t\t\t\t<\/div>\n\t\t\t\t<\/div>\n\t\t\t\t<div class=\"elementor-element elementor-element-c0d07dd elementor-widget elementor-widget-spacer\" data-id=\"c0d07dd\" data-element_type=\"widget\" data-widget_type=\"spacer.default\">\n\t\t\t\t<div class=\"elementor-widget-container\">\n\t\t\t\t\t\t\t<div class=\"elementor-spacer\">\n\t\t\t<div class=\"elementor-spacer-inner\"><\/div>\n\t\t<\/div>\n\t\t\t\t\t\t<\/div>\n\t\t\t\t<\/div>\n\t\t\t\t\t<\/div>\n\t\t<\/div>\n\t\t\t\t\t<\/div>\n\t\t<\/section>\n\t\t\t\t<\/div>\n\t\t","protected":false},"excerpt":{"rendered":"<div class=\"slide-text-bg2\"><span>\u00a0 In un mondo sempre pi\u00f9 connesso, la ZMB \u00e8 lieta di offrire soluzioni di telecomunicazione innovative e convenienti. Siamo impegnati a garantire ai nos<\/span><\/div>\n<div class=\"slide-btn-area-sm\"><a href=\"https:\/\/www.zmbcostruzionigenerali.it\/index.php\/telecomunicazioni\/\" class=\"slide-btn-sm\">Leggi tutto<\/a><\/div>\n","protected":false},"author":2,"featured_media":0,"parent":0,"menu_order":0,"comment_status":"closed","ping_status":"closed","template":"elementor_theme","meta":{"footnotes":""},"class_list":["post-438","page","type-page","status-publish","hentry"],"_links":{"self":[{"href":"https:\/\/www.zmbcostruzionigenerali.it\/index.php\/wp-json\/wp\/v2\/pages\/438","targetHints":{"allow":["GET"]}}],"collection":[{"href":"https:\/\/www.zmbcostruzionigenerali.it\/index.php\/wp-json\/wp\/v2\/pages"}],"about":[{"href":"https:\/\/www.zmbcostruzionigenerali.it\/index.php\/wp-json\/wp\/v2\/types\/page"}],"author":[{"embeddable":true,"href":"https:\/\/www.zmbcostruzionigenerali.it\/index.php\/wp-json\/wp\/v2\/users\/2"}],"replies":[{"embeddable":true,"href":"https:\/\/www.zmbcostruzionigenerali.it\/index.php\/wp-json\/wp\/v2\/comments?post=438"}],"version-history":[{"count":6,"href":"https:\/\/www.zmbcostruzionigenerali.it\/index.php\/wp-json\/wp\/v2\/pages\/438\/revisions"}],"predecessor-version":[{"id":461,"href":"https:\/\/www.zmbcostruzionigenerali.it\/index.php\/wp-json\/wp\/v2\/pages\/438\/revisions\/461"}],"wp:attachment":[{"href":"https:\/\/www.zmbcostruzionigenerali.it\/index.php\/wp-json\/wp\/v2\/media?parent=438"}],"curies":[{"name":"wp","href":"https:\/\/api.w.org\/{rel}","templated":true}]}}