{"id":435,"date":"2025-06-23T10:36:01","date_gmt":"2025-06-23T10:36:01","guid":{"rendered":"https:\/\/www.zmbcostruzionigenerali.it\/?page_id=435"},"modified":"2025-11-03T11:55:26","modified_gmt":"2025-11-03T11:55:26","slug":"investimenti-immobiliari","status":"publish","type":"page","link":"https:\/\/www.zmbcostruzionigenerali.it\/index.php\/investimenti-immobiliari\/","title":{"rendered":"Investimenti Immobiliari"},"content":{"rendered":"\t\t<div data-elementor-type=\"wp-page\" data-elementor-id=\"435\" class=\"elementor elementor-435\">\n\t\t\t\t\t\t<section class=\"elementor-section elementor-top-section elementor-element elementor-element-58d6978f elementor-section-boxed elementor-section-height-default elementor-section-height-default\" data-id=\"58d6978f\" data-element_type=\"section\">\n\t\t\t\t\t\t<div class=\"elementor-container elementor-column-gap-default\">\n\t\t\t\t\t<div class=\"elementor-column elementor-col-100 elementor-top-column elementor-element elementor-element-4ea55af\" data-id=\"4ea55af\" data-element_type=\"column\">\n\t\t\t<div class=\"elementor-widget-wrap elementor-element-populated\">\n\t\t\t\t\t\t<div class=\"elementor-element elementor-element-7bab8427 elementor-widget elementor-widget-text-editor\" data-id=\"7bab8427\" data-element_type=\"widget\" data-widget_type=\"text-editor.default\">\n\t\t\t\t<div class=\"elementor-widget-container\">\n\t\t\t\t\t\t\t\t\t<h1>Esperti anche nel campo immobiliare<\/h1><p>In un mercato immobiliare in continua evoluzione, ZMB Costruzioni Generali offre soluzioni su misura per chi desidera investire nel settore immobiliare. Siamo consapevoli che ogni investimento \u00e8 una decisione importante e per questo ci impegniamo a fornire un servizio di alta qualit\u00e0.<\/p><p><!-- \/wp:heading --><\/p>\t\t\t\t\t\t\t\t<\/div>\n\t\t\t\t<\/div>\n\t\t\t\t<div class=\"elementor-element elementor-element-c0d07dd elementor-widget elementor-widget-spacer\" data-id=\"c0d07dd\" data-element_type=\"widget\" data-widget_type=\"spacer.default\">\n\t\t\t\t<div class=\"elementor-widget-container\">\n\t\t\t\t\t\t\t<div class=\"elementor-spacer\">\n\t\t\t<div class=\"elementor-spacer-inner\"><\/div>\n\t\t<\/div>\n\t\t\t\t\t\t<\/div>\n\t\t\t\t<\/div>\n\t\t\t\t\t<\/div>\n\t\t<\/div>\n\t\t\t\t\t<\/div>\n\t\t<\/section>\n\t\t<div class=\"elementor-element elementor-element-cc369bd e-flex e-con-boxed e-con e-parent\" data-id=\"cc369bd\" data-element_type=\"container\">\n\t\t\t\t\t<div class=\"e-con-inner\">\n\t\t<div class=\"elementor-element elementor-element-bfe1568 e-con-full e-flex e-con e-child\" data-id=\"bfe1568\" data-element_type=\"container\">\n\t\t\t\t<div class=\"elementor-element elementor-element-0f05c1b elementor-widget elementor-widget-image\" data-id=\"0f05c1b\" data-element_type=\"widget\" data-widget_type=\"image.default\">\n\t\t\t\t<div class=\"elementor-widget-container\">\n\t\t\t\t\t\t\t\t\t\t\t\t\t\t\t<img fetchpriority=\"high\" decoding=\"async\" width=\"1024\" height=\"1024\" src=\"https:\/\/www.zmbcostruzionigenerali.it\/wp-content\/uploads\/2025\/10\/LOGO_FINANZ_1.png\" class=\"attachment-large size-large wp-image-944\" alt=\"\" srcset=\"https:\/\/www.zmbcostruzionigenerali.it\/wp-content\/uploads\/2025\/10\/LOGO_FINANZ_1.png 1024w, https:\/\/www.zmbcostruzionigenerali.it\/wp-content\/uploads\/2025\/10\/LOGO_FINANZ_1-300x300.png 300w, https:\/\/www.zmbcostruzionigenerali.it\/wp-content\/uploads\/2025\/10\/LOGO_FINANZ_1-150x150.png 150w, https:\/\/www.zmbcostruzionigenerali.it\/wp-content\/uploads\/2025\/10\/LOGO_FINANZ_1-768x768.png 768w\" sizes=\"(max-width: 1024px) 100vw, 1024px\" \/>\t\t\t\t\t\t\t\t\t\t\t\t\t\t\t<\/div>\n\t\t\t\t<\/div>\n\t\t\t\t<\/div>\n\t\t<div class=\"elementor-element elementor-element-5b953c5 e-con-full e-flex e-con e-child\" data-id=\"5b953c5\" data-element_type=\"container\">\n\t\t\t\t<div class=\"elementor-element elementor-element-95e78e9 elementor-widget__width-initial elementor-widget elementor-widget-text-editor\" data-id=\"95e78e9\" data-element_type=\"widget\" data-widget_type=\"text-editor.default\">\n\t\t\t\t<div class=\"elementor-widget-container\">\n\t\t\t\t\t\t\t\t\t<h3>Diventa finanziatore &#8211; Calcola ora il tuo rendimento<\/h3><p>Vuoi stimare i possibili rendimenti del tuo investimento? Utilizza il nostro calcolatore: inserisci l\u2019importo e ottieni una simulazione di interessi, durata e capitale a scadenza.<\/p><p><a href=\"https:\/\/www.zmbcostruzionigenerali.it\/index.php\/calcola-il-tuo-rendimento\/\">Apri il calcolatore<\/a>.<\/p>\t\t\t\t\t\t\t\t<\/div>\n\t\t\t\t<\/div>\n\t\t\t\t<\/div>\n\t\t\t\t<div class=\"elementor-element elementor-element-95bbcd9 elementor-widget-divider--view-line elementor-widget elementor-widget-divider\" data-id=\"95bbcd9\" data-element_type=\"widget\" data-widget_type=\"divider.default\">\n\t\t\t\t<div class=\"elementor-widget-container\">\n\t\t\t\t\t\t\t<div class=\"elementor-divider\">\n\t\t\t<span class=\"elementor-divider-separator\">\n\t\t\t\t\t\t<\/span>\n\t\t<\/div>\n\t\t\t\t\t\t<\/div>\n\t\t\t\t<\/div>\n\t\t<div class=\"elementor-element elementor-element-63b55e8 e-con-full e-flex e-con e-child\" data-id=\"63b55e8\" data-element_type=\"container\">\n\t\t\t\t<div class=\"elementor-element elementor-element-75f24d1 elementor-widget elementor-widget-image\" data-id=\"75f24d1\" data-element_type=\"widget\" data-widget_type=\"image.default\">\n\t\t\t\t<div class=\"elementor-widget-container\">\n\t\t\t\t\t\t\t\t\t\t\t\t\t\t\t<img decoding=\"async\" width=\"500\" height=\"500\" src=\"https:\/\/www.zmbcostruzionigenerali.it\/wp-content\/uploads\/2025\/10\/WE_BUY_YOUR_DREAMS.png\" class=\"attachment-large size-large wp-image-958\" alt=\"\" srcset=\"https:\/\/www.zmbcostruzionigenerali.it\/wp-content\/uploads\/2025\/10\/WE_BUY_YOUR_DREAMS.png 500w, https:\/\/www.zmbcostruzionigenerali.it\/wp-content\/uploads\/2025\/10\/WE_BUY_YOUR_DREAMS-300x300.png 300w, https:\/\/www.zmbcostruzionigenerali.it\/wp-content\/uploads\/2025\/10\/WE_BUY_YOUR_DREAMS-150x150.png 150w\" sizes=\"(max-width: 500px) 100vw, 500px\" \/>\t\t\t\t\t\t\t\t\t\t\t\t\t\t\t<\/div>\n\t\t\t\t<\/div>\n\t\t\t\t<\/div>\n\t\t<div class=\"elementor-element elementor-element-53f314b e-con-full e-flex e-con e-child\" data-id=\"53f314b\" data-element_type=\"container\">\n\t\t\t\t<div class=\"elementor-element elementor-element-68a19f6 elementor-widget elementor-widget-text-editor\" data-id=\"68a19f6\" data-element_type=\"widget\" data-widget_type=\"text-editor.default\">\n\t\t\t\t<div class=\"elementor-widget-container\">\n\t\t\t\t\t\t\t\t\t<h3>Servizio Affitto e riscatto conto terzi<\/h3><p>In collaborazione con il nostro agente immobiliare, proponiamo un servizio innovativo chiamato &#8220;Affitto e riscatto conto terzi&#8221;.<br \/><br \/>Questo servizio sar\u00e0 presto attivo, stay tuned!<\/p>\t\t\t\t\t\t\t\t<\/div>\n\t\t\t\t<\/div>\n\t\t\t\t<div class=\"elementor-element elementor-element-df8bf31 elementor-widget-divider--view-line elementor-widget elementor-widget-divider\" data-id=\"df8bf31\" data-element_type=\"widget\" data-widget_type=\"divider.default\">\n\t\t\t\t<div class=\"elementor-widget-container\">\n\t\t\t\t\t\t\t<div class=\"elementor-divider\">\n\t\t\t<span class=\"elementor-divider-separator\">\n\t\t\t\t\t\t<\/span>\n\t\t<\/div>\n\t\t\t\t\t\t<\/div>\n\t\t\t\t<\/div>\n\t\t\t\t<\/div>\n\t\t\t\t\t<\/div>\n\t\t\t\t<\/div>\n\t\t<div class=\"elementor-element elementor-element-9173088 e-flex e-con-boxed e-con e-parent\" data-id=\"9173088\" data-element_type=\"container\">\n\t\t\t\t\t<div class=\"e-con-inner\">\n\t\t<div class=\"elementor-element elementor-element-8ec6648 e-con-full e-flex e-con e-child\" data-id=\"8ec6648\" data-element_type=\"container\">\n\t\t\t\t<div class=\"elementor-element elementor-element-63a23cf elementor-widget elementor-widget-image\" data-id=\"63a23cf\" data-element_type=\"widget\" data-widget_type=\"image.default\">\n\t\t\t\t<div class=\"elementor-widget-container\">\n\t\t\t\t\t\t\t\t\t\t\t\t\t\t\t<img decoding=\"async\" width=\"600\" height=\"626\" src=\"https:\/\/www.zmbcostruzionigenerali.it\/wp-content\/uploads\/2025\/10\/IMG_8378.png\" class=\"attachment-large size-large wp-image-973\" alt=\"\" srcset=\"https:\/\/www.zmbcostruzionigenerali.it\/wp-content\/uploads\/2025\/10\/IMG_8378.png 600w, https:\/\/www.zmbcostruzionigenerali.it\/wp-content\/uploads\/2025\/10\/IMG_8378-288x300.png 288w\" sizes=\"(max-width: 600px) 100vw, 600px\" \/>\t\t\t\t\t\t\t\t\t\t\t\t\t\t\t<\/div>\n\t\t\t\t<\/div>\n\t\t\t\t<\/div>\n\t\t<div class=\"elementor-element elementor-element-95e09cf e-con-full e-flex e-con e-child\" data-id=\"95e09cf\" data-element_type=\"container\">\n\t\t\t\t<div class=\"elementor-element elementor-element-882b26f elementor-widget__width-initial elementor-widget elementor-widget-text-editor\" data-id=\"882b26f\" data-element_type=\"widget\" data-widget_type=\"text-editor.default\">\n\t\t\t\t<div class=\"elementor-widget-container\">\n\t\t\t\t\t\t\t\t\t<h3>Trasparenza e conformit\u00e0: il nostro LEI<\/h3><p>Per offrirti la massima serenit\u00e0, rendiamo disponibile il nostro Certificato LEI direttamente online. Il LEI (Legal Entity Identifier) \u00e8 uno standard globale che conferma identit\u00e0 legale e tracciabilit\u00e0 dell\u2019ente.<\/p><p>\u00a0 <br \/><a href=\"https:\/\/www.zmbcostruzionigenerali.it\/index.php\/certificato-lei\/\">In questa pagina puoi consultare il certificato, verificarne lo stato e scaricare le informazioni essenziali aggiornate.<\/a><\/p>\t\t\t\t\t\t\t\t<\/div>\n\t\t\t\t<\/div>\n\t\t\t\t<\/div>\n\t\t\t\t<div class=\"elementor-element elementor-element-be0c6d4 elementor-widget-divider--view-line elementor-widget elementor-widget-divider\" data-id=\"be0c6d4\" data-element_type=\"widget\" data-widget_type=\"divider.default\">\n\t\t\t\t<div class=\"elementor-widget-container\">\n\t\t\t\t\t\t\t<div class=\"elementor-divider\">\n\t\t\t<span class=\"elementor-divider-separator\">\n\t\t\t\t\t\t<\/span>\n\t\t<\/div>\n\t\t\t\t\t\t<\/div>\n\t\t\t\t<\/div>\n\t\t\t\t\t<\/div>\n\t\t\t\t<\/div>\n\t\t<div class=\"elementor-element elementor-element-0fba267 e-flex e-con-boxed e-con e-parent\" data-id=\"0fba267\" data-element_type=\"container\">\n\t\t\t\t\t<div class=\"e-con-inner\">\n\t\t\t\t<div class=\"elementor-element elementor-element-4fbc8c3 elementor-widget elementor-widget-spacer\" data-id=\"4fbc8c3\" data-element_type=\"widget\" data-widget_type=\"spacer.default\">\n\t\t\t\t<div class=\"elementor-widget-container\">\n\t\t\t\t\t\t\t<div class=\"elementor-spacer\">\n\t\t\t<div class=\"elementor-spacer-inner\"><\/div>\n\t\t<\/div>\n\t\t\t\t\t\t<\/div>\n\t\t\t\t<\/div>\n\t\t\t\t<div class=\"elementor-element elementor-element-45b9aa1 elementor-widget elementor-widget-text-editor\" data-id=\"45b9aa1\" data-element_type=\"widget\" data-widget_type=\"text-editor.default\">\n\t\t\t\t<div class=\"elementor-widget-container\">\n\t\t\t\t\t\t\t\t\t<h2>Contattaci per Maggiori Informazioni<\/h2><p>Se desideri ulteriori informazioni o hai domande sui nostri servizi di investimento immobiliare, non esitare a contattarci. <br \/>Siamo qui per aiutarti a realizzare i tuoi obiettivi immobiliari.<\/p><div class=\"footer\"><p>Cerchiamo investitori per ampliare e sviluppare le nostre attivit\u00e0.<br \/><a href=\"https:\/\/www.zmbcostruzionigenerali.it\/index.php\/contatti\/\">Contattaci<\/a> oggi stesso e scopri come possiamo supportarti nel tuo viaggio di investimento immobiliare!<\/p><\/div><p><!-- \/wp:heading --><\/p>\t\t\t\t\t\t\t\t<\/div>\n\t\t\t\t<\/div>\n\t\t\t\t\t<\/div>\n\t\t\t\t<\/div>\n\t\t\t\t<\/div>\n\t\t","protected":false},"excerpt":{"rendered":"<div class=\"slide-text-bg2\"><span>Esperti anche nel campo immobiliare In un mercato immobiliare in continua evoluzione, ZMB Costruzioni Generali offre soluzioni su misura per chi desidera i<\/span><\/div>\n<div class=\"slide-btn-area-sm\"><a href=\"https:\/\/www.zmbcostruzionigenerali.it\/index.php\/investimenti-immobiliari\/\" class=\"slide-btn-sm\">Leggi tutto<\/a><\/div>\n","protected":false},"author":2,"featured_media":0,"parent":0,"menu_order":0,"comment_status":"closed","ping_status":"closed","template":"elementor_theme","meta":{"footnotes":""},"class_list":["post-435","page","type-page","status-publish","hentry"],"_links":{"self":[{"href":"https:\/\/www.zmbcostruzionigenerali.it\/index.php\/wp-json\/wp\/v2\/pages\/435","targetHints":{"allow":["GET"]}}],"collection":[{"href":"https:\/\/www.zmbcostruzionigenerali.it\/index.php\/wp-json\/wp\/v2\/pages"}],"about":[{"href":"https:\/\/www.zmbcostruzionigenerali.it\/index.php\/wp-json\/wp\/v2\/types\/page"}],"author":[{"embeddable":true,"href":"https:\/\/www.zmbcostruzionigenerali.it\/index.php\/wp-json\/wp\/v2\/users\/2"}],"replies":[{"embeddable":true,"href":"https:\/\/www.zmbcostruzionigenerali.it\/index.php\/wp-json\/wp\/v2\/comments?post=435"}],"version-history":[{"count":41,"href":"https:\/\/www.zmbcostruzionigenerali.it\/index.php\/wp-json\/wp\/v2\/pages\/435\/revisions"}],"predecessor-version":[{"id":997,"href":"https:\/\/www.zmbcostruzionigenerali.it\/index.php\/wp-json\/wp\/v2\/pages\/435\/revisions\/997"}],"wp:attachment":[{"href":"https:\/\/www.zmbcostruzionigenerali.it\/index.php\/wp-json\/wp\/v2\/media?parent=435"}],"curies":[{"name":"wp","href":"https:\/\/api.w.org\/{rel}","templated":true}]}}