{"id":431,"date":"2025-06-26T10:06:17","date_gmt":"2025-06-26T10:06:17","guid":{"rendered":"https:\/\/www.zmbcostruzionigenerali.it\/?page_id=431"},"modified":"2025-10-23T09:32:42","modified_gmt":"2025-10-23T09:32:42","slug":"servizi","status":"publish","type":"page","link":"https:\/\/www.zmbcostruzionigenerali.it\/index.php\/servizi\/","title":{"rendered":"Servizi"},"content":{"rendered":"\t\t<div data-elementor-type=\"wp-page\" data-elementor-id=\"431\" class=\"elementor elementor-431\">\n\t\t\t\t\t\t<section class=\"elementor-section elementor-top-section elementor-element elementor-element-58d6978f elementor-section-boxed elementor-section-height-default elementor-section-height-default\" data-id=\"58d6978f\" data-element_type=\"section\">\n\t\t\t\t\t\t<div class=\"elementor-container elementor-column-gap-default\">\n\t\t\t\t\t<div class=\"elementor-column elementor-col-100 elementor-top-column elementor-element elementor-element-4ea55af\" data-id=\"4ea55af\" data-element_type=\"column\">\n\t\t\t<div class=\"elementor-widget-wrap elementor-element-populated\">\n\t\t\t\t\t\t<div class=\"elementor-element elementor-element-7bab8427 elementor-widget elementor-widget-text-editor\" data-id=\"7bab8427\" data-element_type=\"widget\" data-widget_type=\"text-editor.default\">\n\t\t\t\t<div class=\"elementor-widget-container\">\n\t\t\t\t\t\t\t\t\t<h1>I Nostri Servizi<\/h1><p>In ZMB Costruzioni Generali, offriamo una vasta gamma di servizi specializzati per soddisfare le esigenze dei nostri clienti. La nostra esperienza ci permette di garantire risultati di alta qualit\u00e0 in ogni progetto.<\/p><h3>Edilizia e Impianti<\/h3><p>Ci occupiamo di progettazione e realizzazione di opere edilizie, dalla costruzione di edifici residenziali e commerciali alla riqualificazione energetica.<br \/>Offriamo soluzioni innovative per l&#8217;installazione di impianti garantendo efficienza e sostenibilit\u00e0.<br \/><a href=\"https:\/\/www.zmbcostruzionigenerali.it\/index.php\/edilizia-impianti\/\">Scopri qui la pagina dedicata.<\/a><\/p><h3>Telecomunicazioni<\/h3><p>Offriamo servizi di telecomunicazione a prezzi competitivi, inclusa la possibilit\u00e0 di trasportare il tuo numero fisso sul tuo cellulare. Inoltre, forniamo una linea dati inclusa nel pacchetto, garantendo connettivit\u00e0 e flessibilit\u00e0. La nostra missione \u00e8 fornire soluzioni di telecomunicazione di alta qualit\u00e0 per soddisfare le esigenze dei nostri clienti.<br \/><a href=\"https:\/\/www.zmbcostruzionigenerali.it\/index.php\/telecomunicazioni\/\"><span style=\"letter-spacing: 0.2px;\">Scopri qui la pagina dedicata.<\/span><\/a><\/p><h3>Investimenti Immobiliari<\/h3><p>Il nostro team \u00e8 specializzato nella consulenza per investimenti immobiliari, con un focus particolare sul territorio del Lago Maggiore e Alto Vergante. Collaboriamo con un agente immobiliare esperto che offre un servizio innovativo chiamato &#8220;Buy for You&#8221;, per assisterti nella ricerca e nell&#8217;acquisto di immobili che rispondano alle tue esigenze.<br \/><a href=\"https:\/\/www.zmbcostruzionigenerali.it\/index.php\/investimenti-immobiliari\/\">Scopri qui la pagina dedicata.<\/a><\/p><h3>Valorizzazioni Immobiliari<\/h3><p data-start=\"491\" data-end=\"751\">Grazie al nostro <strong data-start=\"508\" data-end=\"551\">sistema di presentazione \u201cprima e dopo\u201d<\/strong>, affianchiamo le <strong data-start=\"569\" data-end=\"598\">foto reali di immobili attualmente in vendita<\/strong> al loro <strong data-start=\"607\" data-end=\"648\">render fotorealistico<\/strong>, mostrando in modo immediato come ogni spazio pu\u00f2 trasformarsi dopo un progetto di riqualificazione.<br \/><strong data-start=\"825\" data-end=\"863\">Visualizza la reale potenzialit\u00e0<\/strong> di ogni immobile ancora prima di procedere con i lavori.<br \/><a href=\"https:\/\/www.zmbcostruzionigenerali.it\/index.php\/valorizzazioni-immobiliari\/\">Scopri gli immobili attualmente in vendita e guarda come possono evolversi grazie alle nostre soluzioni di valorizzazione.<\/a><\/p><p>\u00a0<\/p><div><p><a href=\"https:\/\/www.zmbcostruzionigenerali.it\/index.php\/contatti\/\">Contattaci<\/a> per ulteriori informazioni sui nostri servizi e scopri come possiamo aiutarti a realizzare i tuoi progetti.<\/p><\/div><p><!-- \/wp:heading --><\/p>\t\t\t\t\t\t\t\t<\/div>\n\t\t\t\t<\/div>\n\t\t\t\t<div class=\"elementor-element elementor-element-c0d07dd elementor-widget elementor-widget-spacer\" data-id=\"c0d07dd\" data-element_type=\"widget\" data-widget_type=\"spacer.default\">\n\t\t\t\t<div class=\"elementor-widget-container\">\n\t\t\t\t\t\t\t<div class=\"elementor-spacer\">\n\t\t\t<div class=\"elementor-spacer-inner\"><\/div>\n\t\t<\/div>\n\t\t\t\t\t\t<\/div>\n\t\t\t\t<\/div>\n\t\t\t\t\t<\/div>\n\t\t<\/div>\n\t\t\t\t\t<\/div>\n\t\t<\/section>\n\t\t\t\t<\/div>\n\t\t","protected":false},"excerpt":{"rendered":"<div class=\"slide-text-bg2\"><span>I Nostri Servizi In ZMB Costruzioni Generali, offriamo una vasta gamma di servizi specializzati per soddisfare le esigenze dei nostri clienti. La nostra es<\/span><\/div>\n<div class=\"slide-btn-area-sm\"><a href=\"https:\/\/www.zmbcostruzionigenerali.it\/index.php\/servizi\/\" class=\"slide-btn-sm\">Leggi tutto<\/a><\/div>\n","protected":false},"author":2,"featured_media":0,"parent":0,"menu_order":0,"comment_status":"closed","ping_status":"closed","template":"elementor_theme","meta":{"footnotes":""},"class_list":["post-431","page","type-page","status-publish","hentry"],"_links":{"self":[{"href":"https:\/\/www.zmbcostruzionigenerali.it\/index.php\/wp-json\/wp\/v2\/pages\/431","targetHints":{"allow":["GET"]}}],"collection":[{"href":"https:\/\/www.zmbcostruzionigenerali.it\/index.php\/wp-json\/wp\/v2\/pages"}],"about":[{"href":"https:\/\/www.zmbcostruzionigenerali.it\/index.php\/wp-json\/wp\/v2\/types\/page"}],"author":[{"embeddable":true,"href":"https:\/\/www.zmbcostruzionigenerali.it\/index.php\/wp-json\/wp\/v2\/users\/2"}],"replies":[{"embeddable":true,"href":"https:\/\/www.zmbcostruzionigenerali.it\/index.php\/wp-json\/wp\/v2\/comments?post=431"}],"version-history":[{"count":19,"href":"https:\/\/www.zmbcostruzionigenerali.it\/index.php\/wp-json\/wp\/v2\/pages\/431\/revisions"}],"predecessor-version":[{"id":907,"href":"https:\/\/www.zmbcostruzionigenerali.it\/index.php\/wp-json\/wp\/v2\/pages\/431\/revisions\/907"}],"wp:attachment":[{"href":"https:\/\/www.zmbcostruzionigenerali.it\/index.php\/wp-json\/wp\/v2\/media?parent=431"}],"curies":[{"name":"wp","href":"https:\/\/api.w.org\/{rel}","templated":true}]}}