{"id":412,"date":"2023-04-15T19:40:26","date_gmt":"2023-04-15T19:40:26","guid":{"rendered":"https:\/\/www.zmbcostruzionigenerali.it\/?page_id=412"},"modified":"2025-11-06T09:44:13","modified_gmt":"2025-11-06T09:44:13","slug":"la-sede","status":"publish","type":"page","link":"https:\/\/www.zmbcostruzionigenerali.it\/index.php\/la-sede\/","title":{"rendered":"La Sede"},"content":{"rendered":"\t\t<div data-elementor-type=\"wp-page\" data-elementor-id=\"412\" class=\"elementor elementor-412\">\n\t\t\t\t<div class=\"elementor-element elementor-element-d2deabc e-flex e-con-boxed e-con e-parent\" data-id=\"d2deabc\" data-element_type=\"container\">\n\t\t\t\t\t<div class=\"e-con-inner\">\n\t\t\t\t<div class=\"elementor-element elementor-element-b61a912 elementor-widget elementor-widget-image\" data-id=\"b61a912\" data-element_type=\"widget\" data-widget_type=\"image.default\">\n\t\t\t\t<div class=\"elementor-widget-container\">\n\t\t\t\t\t\t\t\t\t\t\t\t\t\t\t<img fetchpriority=\"high\" decoding=\"async\" width=\"768\" height=\"576\" src=\"https:\/\/www.zmbcostruzionigenerali.it\/wp-content\/uploads\/2025\/10\/Foto-ufficio-768x576.jpg\" class=\"attachment-medium_large size-medium_large wp-image-908\" alt=\"\" srcset=\"https:\/\/www.zmbcostruzionigenerali.it\/wp-content\/uploads\/2025\/10\/Foto-ufficio-768x576.jpg 768w, https:\/\/www.zmbcostruzionigenerali.it\/wp-content\/uploads\/2025\/10\/Foto-ufficio-300x225.jpg 300w, https:\/\/www.zmbcostruzionigenerali.it\/wp-content\/uploads\/2025\/10\/Foto-ufficio-1024x768.jpg 1024w, https:\/\/www.zmbcostruzionigenerali.it\/wp-content\/uploads\/2025\/10\/Foto-ufficio-1536x1152.jpg 1536w, https:\/\/www.zmbcostruzionigenerali.it\/wp-content\/uploads\/2025\/10\/Foto-ufficio-2048x1536.jpg 2048w\" sizes=\"(max-width: 768px) 100vw, 768px\" \/>\t\t\t\t\t\t\t\t\t\t\t\t\t\t\t<\/div>\n\t\t\t\t<\/div>\n\t\t\t\t\t<\/div>\n\t\t\t\t<\/div>\n\t\t\t\t<section class=\"elementor-section elementor-top-section elementor-element elementor-element-58d6978f elementor-section-boxed elementor-section-height-default elementor-section-height-default\" data-id=\"58d6978f\" data-element_type=\"section\">\n\t\t\t\t\t\t<div class=\"elementor-container elementor-column-gap-default\">\n\t\t\t\t\t<div class=\"elementor-column elementor-col-100 elementor-top-column elementor-element elementor-element-4ea55af\" data-id=\"4ea55af\" data-element_type=\"column\">\n\t\t\t<div class=\"elementor-widget-wrap elementor-element-populated\">\n\t\t\t\t\t\t<div class=\"elementor-element elementor-element-79e73ef elementor-widget elementor-widget-spacer\" data-id=\"79e73ef\" data-element_type=\"widget\" data-widget_type=\"spacer.default\">\n\t\t\t\t<div class=\"elementor-widget-container\">\n\t\t\t\t\t\t\t<div class=\"elementor-spacer\">\n\t\t\t<div class=\"elementor-spacer-inner\"><\/div>\n\t\t<\/div>\n\t\t\t\t\t\t<\/div>\n\t\t\t\t<\/div>\n\t\t\t\t<div class=\"elementor-element elementor-element-7bab8427 elementor-widget elementor-widget-text-editor\" data-id=\"7bab8427\" data-element_type=\"widget\" data-widget_type=\"text-editor.default\">\n\t\t\t\t<div class=\"elementor-widget-container\">\n\t\t\t\t\t\t\t\t\t<h2 class=\"wp-block-heading has-text-align-center has-text-color\" style=\"color: #002845;\">Ci trovi ad Arona (NO) Largo Compi\u00e8gne, 8.<\/h2>\n<p><!-- \/wp:heading --><!-- wp:heading {\"textAlign\":\"center\",\"level\":3,\"style\":{\"color\":{\"text\":\"#002845\"}}} --><\/p>\n<h3 class=\"wp-block-heading has-text-align-center has-text-color\" style=\"color: #002845;\">Orari di apertura:<br \/>dal luned\u00ec al venerd\u00ec:<br \/>Mattino 9.00 \u2013 12.00;\u00a0 Pomeriggio 15.00 \u2013 18.00<\/h3>\n<h3 class=\"wp-block-heading has-text-align-center has-text-color\" style=\"color: #002845;\"><strong style=\"letter-spacing: 0px;\">SI RICEVE SOLO SU APPUNTAMENTO<\/strong><\/h3>\n<p><!-- \/wp:heading --><\/p>\t\t\t\t\t\t\t\t<\/div>\n\t\t\t\t<\/div>\n\t\t\t\t<div class=\"elementor-element elementor-element-c0d07dd elementor-widget elementor-widget-spacer\" data-id=\"c0d07dd\" data-element_type=\"widget\" data-widget_type=\"spacer.default\">\n\t\t\t\t<div class=\"elementor-widget-container\">\n\t\t\t\t\t\t\t<div class=\"elementor-spacer\">\n\t\t\t<div class=\"elementor-spacer-inner\"><\/div>\n\t\t<\/div>\n\t\t\t\t\t\t<\/div>\n\t\t\t\t<\/div>\n\t\t\t\t\t<\/div>\n\t\t<\/div>\n\t\t\t\t\t<\/div>\n\t\t<\/section>\n\t\t\t\t<section class=\"elementor-section elementor-top-section elementor-element elementor-element-db2ad16 elementor-section-boxed elementor-section-height-default elementor-section-height-default\" data-id=\"db2ad16\" data-element_type=\"section\">\n\t\t\t\t\t\t<div class=\"elementor-container elementor-column-gap-default\">\n\t\t\t\t\t<div class=\"elementor-column elementor-col-16 elementor-top-column elementor-element elementor-element-0dd22cf\" data-id=\"0dd22cf\" data-element_type=\"column\">\n\t\t\t<div class=\"elementor-widget-wrap\">\n\t\t\t\t\t\t\t<\/div>\n\t\t<\/div>\n\t\t\t\t<div class=\"elementor-column elementor-col-66 elementor-top-column elementor-element elementor-element-dae999c\" data-id=\"dae999c\" data-element_type=\"column\">\n\t\t\t<div class=\"elementor-widget-wrap elementor-element-populated\">\n\t\t\t\t\t\t<div class=\"elementor-element elementor-element-5dbc55e elementor-widget elementor-widget-google_maps\" data-id=\"5dbc55e\" data-element_type=\"widget\" data-widget_type=\"google_maps.default\">\n\t\t\t\t<div class=\"elementor-widget-container\">\n\t\t\t\t\t\t\t<div class=\"elementor-custom-embed\">\n\t\t\t<iframe loading=\"lazy\"\n\t\t\t\t\tsrc=\"https:\/\/maps.google.com\/maps?q=arona%20largo%20compiegne%208&#038;t=m&#038;z=12&#038;output=embed&#038;iwloc=near\"\n\t\t\t\t\ttitle=\"arona largo compiegne 8\"\n\t\t\t\t\taria-label=\"arona largo compiegne 8\"\n\t\t\t><\/iframe>\n\t\t<\/div>\n\t\t\t\t\t\t<\/div>\n\t\t\t\t<\/div>\n\t\t\t\t\t<\/div>\n\t\t<\/div>\n\t\t\t\t<div class=\"elementor-column elementor-col-16 elementor-top-column elementor-element elementor-element-3a5d6c4\" data-id=\"3a5d6c4\" data-element_type=\"column\">\n\t\t\t<div class=\"elementor-widget-wrap\">\n\t\t\t\t\t\t\t<\/div>\n\t\t<\/div>\n\t\t\t\t\t<\/div>\n\t\t<\/section>\n\t\t\t\t<\/div>\n\t\t","protected":false},"excerpt":{"rendered":"<div class=\"slide-text-bg2\"><span>Ci trovi ad Arona (NO) Largo Compi\u00e8gne, 8. Orari di apertura:dal luned\u00ec al venerd\u00ec:Mattino 9.00 \u2013 12.00;\u00a0 Pomeriggio 15.00 \u2013 18.00 SI RICEVE SOLO S<\/span><\/div>\n<div class=\"slide-btn-area-sm\"><a href=\"https:\/\/www.zmbcostruzionigenerali.it\/index.php\/la-sede\/\" class=\"slide-btn-sm\">Leggi tutto<\/a><\/div>\n","protected":false},"author":1,"featured_media":0,"parent":0,"menu_order":0,"comment_status":"closed","ping_status":"closed","template":"","meta":{"footnotes":""},"class_list":["post-412","page","type-page","status-publish","hentry"],"_links":{"self":[{"href":"https:\/\/www.zmbcostruzionigenerali.it\/index.php\/wp-json\/wp\/v2\/pages\/412","targetHints":{"allow":["GET"]}}],"collection":[{"href":"https:\/\/www.zmbcostruzionigenerali.it\/index.php\/wp-json\/wp\/v2\/pages"}],"about":[{"href":"https:\/\/www.zmbcostruzionigenerali.it\/index.php\/wp-json\/wp\/v2\/types\/page"}],"author":[{"embeddable":true,"href":"https:\/\/www.zmbcostruzionigenerali.it\/index.php\/wp-json\/wp\/v2\/users\/1"}],"replies":[{"embeddable":true,"href":"https:\/\/www.zmbcostruzionigenerali.it\/index.php\/wp-json\/wp\/v2\/comments?post=412"}],"version-history":[{"count":21,"href":"https:\/\/www.zmbcostruzionigenerali.it\/index.php\/wp-json\/wp\/v2\/pages\/412\/revisions"}],"predecessor-version":[{"id":1005,"href":"https:\/\/www.zmbcostruzionigenerali.it\/index.php\/wp-json\/wp\/v2\/pages\/412\/revisions\/1005"}],"wp:attachment":[{"href":"https:\/\/www.zmbcostruzionigenerali.it\/index.php\/wp-json\/wp\/v2\/media?parent=412"}],"curies":[{"name":"wp","href":"https:\/\/api.w.org\/{rel}","templated":true}]}}